{"id":15,"date":"2020-11-05T11:10:07","date_gmt":"2020-11-05T11:10:07","guid":{"rendered":"https:\/\/www.rigifotos.ch\/?page_id=15"},"modified":"2020-11-11T18:00:10","modified_gmt":"2020-11-11T18:00:10","slug":"willkommen","status":"publish","type":"page","link":"https:\/\/www.rigifotos.ch\/?page_id=15","title":{"rendered":"Willkommen"},"content":{"rendered":"\n<p><strong>Suchen sie eine Foto<\/strong>&#8230; <strong>with that special message?<\/strong> <br>Hier sind Sie richtig!<br>Jedes Foto ist aussagekr\u00e4ftig f\u00fcr die spezielle Nachricht: <br><em><strong>Das Bild das 1000 Worte sagt!<\/strong><\/em><\/p>\n\n\n\n<p><strong>Brauchen sie jedoch eine Fotografin f\u00fcr ihre Hochzeit<\/strong>, <strong>Event<\/strong>, <strong>Taufe<\/strong> &#8230;..<strong>Geburtstag<\/strong>? <br>Dann melden Sie sich doch bitte bei meiner Tochter: <a rel=\"noreferrer noopener\" href=\"http:\/\/www.ringwechsel.ch\" target=\"_blank\">Maria Schmid<\/a>: www.ringwechsel.ch \/ www.mariaschmid.ch <br>Ich bleibe bei meinem kleinen Gl\u00fcckwunsch-Kartenverlag \ud83d\ude42<\/p>\n\n\n\n<p>Danke Maria und Momo, dass Ihr mich immer wieder angesprochen habt, den Traum einer eignen Webseite zu verwirklichen. Danke Robert Hansen, f\u00fcr deine Ermutigung, professionell zu fotografieren&#8230; und danke Andy M\u00fcller f\u00fcr deine unerm\u00fcdliche Kritik an meinen Fotos, was ich sehr sch\u00e4tze und DANKE Marco Zeiter f\u00fcr Deine Hilfe, diese Webseite zu erstellen.<\/p>\n\n\n\n<p>Vor ca. 33 Jahren hab ich angefangen meine T\u00f6chter Maria &amp; Monika in Bildern festzuhalten. Nach der Ver\u00f6ffentlichung eines Sieger-Bildes zum Fotowettbewerb von \u201ePumpers\u201c, wurde ich von Robert Hansen angefragt, f\u00fcr die Aargauer Zeitung zu fotografieren. Das war der Anfang, meine Fotos an die \u00d6ffentlichkeit zu bringen. Nach dem Umzug in die Innerschweiz gab es eine neue Herausforderung. Bilder von der Rigi, mit dem st\u00fcndlichen Stimmungswechsel der Natur, wurden zu meinem Alltag. Mein Archiv wurde immer gr\u00f6sser. Ich habe mit der Herstellung von Gl\u00fcckwunschkarten angefangen, denn diese wunderbaren Augenblicke wollte ich nicht f\u00fcr mich alleine behalten. Mein Wunsch ist es, auch andern mit meinen Aufnahmen eine Freude zu machen.<\/p>\n\n\n\n<p>Die Fotos sind urheberrechtlich gesch\u00fctzt und d\u00fcrfen nicht ohne mein Einverst\u00e4ndnis kopiert oder ver\u00f6ffentlicht werden.<\/p>\n\n\n\n<p>F\u00fcr <strong>Bestellungen<\/strong>, sei es f\u00fcr <strong>Bilder<\/strong>, gedruckt auf Leinwand &amp; oder aufgezogen \/ Papier oder <strong>Gl\u00fcckwunschkarten <\/strong>(alle handsigniert) meldet Euch bitte unter:<\/p>\n\n\n\n<p><\/p>\n","protected":false},"excerpt":{"rendered":"<p>Suchen sie eine Foto&#8230; with that special message? Hier sind Sie richtig!Jedes Foto ist aussagekr\u00e4ftig f\u00fcr die spezielle Nachricht: Das Bild das 1000 Worte sagt! Brauchen sie jedoch eine Fotografin f\u00fcr ihre Hochzeit, Event, Taufe &#8230;..Geburtstag? Dann melden Sie sich doch bitte bei meiner Tochter: Maria Schmid: www.ringwechsel.ch \/ www.mariaschmid.ch Ich bleibe bei meinem kleinen [&hellip;]<\/p>\n","protected":false},"author":1,"featured_media":0,"parent":0,"menu_order":0,"comment_status":"closed","ping_status":"closed","template":"","meta":{"footnotes":""},"class_list":["post-15","page","type-page","status-publish","hentry"],"_links":{"self":[{"href":"https:\/\/www.rigifotos.ch\/index.php?rest_route=\/wp\/v2\/pages\/15","targetHints":{"allow":["GET"]}}],"collection":[{"href":"https:\/\/www.rigifotos.ch\/index.php?rest_route=\/wp\/v2\/pages"}],"about":[{"href":"https:\/\/www.rigifotos.ch\/index.php?rest_route=\/wp\/v2\/types\/page"}],"author":[{"embeddable":true,"href":"https:\/\/www.rigifotos.ch\/index.php?rest_route=\/wp\/v2\/users\/1"}],"replies":[{"embeddable":true,"href":"https:\/\/www.rigifotos.ch\/index.php?rest_route=%2Fwp%2Fv2%2Fcomments&post=15"}],"version-history":[{"count":23,"href":"https:\/\/www.rigifotos.ch\/index.php?rest_route=\/wp\/v2\/pages\/15\/revisions"}],"predecessor-version":[{"id":147,"href":"https:\/\/www.rigifotos.ch\/index.php?rest_route=\/wp\/v2\/pages\/15\/revisions\/147"}],"wp:attachment":[{"href":"https:\/\/www.rigifotos.ch\/index.php?rest_route=%2Fwp%2Fv2%2Fmedia&parent=15"}],"curies":[{"name":"wp","href":"https:\/\/api.w.org\/{rel}","templated":true}]}}